{"id":59,"date":"2022-02-14T22:43:38","date_gmt":"2022-02-14T21:43:38","guid":{"rendered":"https:\/\/www.lerelaiscourbis.fr\/?page_id=59"},"modified":"2026-02-03T22:17:44","modified_gmt":"2026-02-03T21:17:44","slug":"https-www-lerelaiscourbis-fr","status":"publish","type":"page","link":"https:\/\/www.lerelaiscourbis.fr\/","title":{"rendered":"Accueil"},"content":{"rendered":"<div  id=\"content-15\" class=\"content-12 content-section content-section-spacing\" style=\"background-color: #f5fafd;\" data-label=\"Content\" data-id=\"content--1\" data-export-id=\"content-12\" data-category=\"content\">\n<div  class=\"gridContainer\">\n<div  class=\"row text-center\">\n<div  class=\"section-title-col\" data-type=\"column\">\n<h2  class=\"\">A Propos<\/h2>\n<p  class=\"lead\">Le relais Courbis est une tr\u00e8s belle maison de village o\u00f9 vous trouverez tout le confort appropri\u00e9 pour un beau s\u00e9jour \u00e0 Saou, petit village de la Dr\u00f4me construit au pied des montagnes et de la Provence. Situ\u00e9 en plein c\u0153ur du village, vous disposerez de tout le confort n\u00e9cessaire pour passer un agr\u00e9able s\u00e9jour.<\/p>\n<\/div>\n<\/div>\n<div  class=\"row center-xs middle-xs\">\n<div  class=\"col-sm-9\" data-type=\"column\"><img  decoding=\"async\" class=\"shadow-large\" title=\"cropped-IMG_3707-scaled-1.jpg\" src=\"https:\/\/www.lerelaiscourbis.fr\/wp-content\/uploads\/2022\/02\/cropped-IMG_3707-scaled-1.jpg\" alt=\"\"><\/div>\n<p >&nbsp;<\/p>\n<\/div>\n<\/div>\n<\/div><div  id=\"content-16\" class=\"content-8 content-section content-section-spacing\" style=\"background-color: #ffffff; background-image: none;\" data-label=\"Content\" data-id=\"content--2\" data-export-id=\"content-8\" data-category=\"content\">\n<div  class=\"gridContainer\">\n<div  class=\"row middle-sm\">\n<div  class=\"col-sm-6 space-bottom-xs space-top-xs\" data-type=\"column\"><img  decoding=\"async\" class=\"shadow-large\" title=\"cropped-Fichier_011-scaled-2.jpeg\" src=\"https:\/\/www.lerelaiscourbis.fr\/wp-content\/uploads\/2022\/02\/cropped-Fichier_011-scaled-2.jpeg\" alt=\"\"><\/div>\n<div  class=\"col-sm-6\" data-type=\"column\">\n<h2  class=\"\">Nos Chambres<\/h2>\n<p  class=\"\">La maison est compos\u00e9e de 3 chambres spacieuses et lumineuses. Vous disposerez soit d\u2019un grand lit ou de lits simples. Le linge de maison est fourni par nos soins.<\/p>\n<p  class=\"\">&nbsp;<\/p>\n<\/div>\n<p >&nbsp;<\/p>\n<\/div>\n<\/div>\n<\/div><div  id=\"features-1\" class=\"features-13 content-section content-section-spacing\" style=\"background-color: #f5fafd; background-image: none;\" data-label=\"Features\" data-id=\"features--1\" data-export-id=\"features-13-card-bordered\" data-category=\"features\">\n<div  class=\"gridContainer\">\n<div  class=\"row text-center\">\n<div  class=\"section-title-col\" data-type=\"column\">\n<h2  class=\"\">Nos Services<\/h2>\n<p  class=\"\">&nbsp;<\/p>\n<\/div>\n<p >&nbsp;<\/p>\n<\/div>\n<div  class=\"row spaced-cols content-center-sm center-sm\" data-type=\"row\">\n<div  class=\"col-sm-4\">\n<div  class=\"card bordered y-move\" data-type=\"column\"><img  decoding=\"async\" class=\"custom-image\" title=\"cropped-wifi-icon-1.png\" src=\"https:\/\/www.lerelaiscourbis.fr\/wp-content\/uploads\/2022\/02\/cropped-wifi-icon-1.png\" alt=\"\">\n<p  class=\"\">&nbsp;<\/p>\n<h4  class=\"\">Wifi<\/h4>\n<p  class=\"\">Internet disponible si vous n\u2019arrivez pas \u00e0 vous d\u00e9connecter. Et une petite TV\u2026\n<br ><\/p>\n<\/div>\n<\/div>\n<div  class=\"col-sm-4\">\n<div  class=\"card bordered y-move\" data-type=\"column\"><img  decoding=\"async\" class=\"custom-image\" title=\"cropped-Jardin.png\" src=\"https:\/\/www.lerelaiscourbis.fr\/wp-content\/uploads\/2022\/02\/cropped-Jardin.png\" alt=\"\">\n<p  class=\"\">&nbsp;<\/p>\n<h4  class=\"\">Jardin<\/h4>\n<p  class=\"\">Un jardin privatif, \u00e0 l\u2019ombre d\u2019un magnifique Magnolia pour se reposer au doux bruit du ruisseau.\n<br ><\/p>\n<\/div>\n<\/div>\n<div  class=\"col-sm-4\">\n<div  class=\"card bordered y-move\" data-type=\"column\"><a  class=\"\" href=\"#\" target=\"_self\" rel=\"noopener\" data-cp-link=\"1\"><img  decoding=\"async\" class=\"custom-image\" title=\"Wifi\" src=\"https:\/\/www.lerelaiscourbis.fr\/wp-content\/uploads\/2022\/02\/cropped-Enfant-2-1.png\" alt=\"\"><\/a>\n<p  class=\"\">&nbsp;<\/p>\n<h4  class=\"\">Enfants et Jeux<\/h4>\n<p  class=\"\">Lit b\u00e9b\u00e9 et chaise haute disponible sur demande. Des jeux en pagaille et pour les grands aussi.\n<br ><\/p>\n<\/div>\n<\/div>\n<div  class=\"col-sm-4\">\n<div  class=\"card bordered y-move\" data-type=\"column\"><a  class=\"\" href=\"#\" target=\"_self\" rel=\"noopener\" data-cp-link=\"1\"><img  decoding=\"async\" class=\"custom-image\" title=\"Wifi\" src=\"https:\/\/www.lerelaiscourbis.fr\/wp-content\/uploads\/2022\/02\/cropped-Spa-1.png\" alt=\"\"><\/a>\n<p  class=\"\">&nbsp;<\/p>\n<h4  class=\"\">Petite piscine \u00e0 bulles<\/h4>\n<p  class=\"\">D\u00e8s le printemps, profitez de la petite piscine \u00e9quip\u00e9e de jets \u00e0 bulles (disponible de mai \u00e0 septembre)<\/p>\n<\/div>\n<\/div>\n<div  class=\"col-sm-4\">\n<div  class=\"card bordered y-move\" data-type=\"column\"><img  decoding=\"async\" class=\"custom-image\" title=\"cropped-Serviettes-1.png\" src=\"https:\/\/www.lerelaiscourbis.fr\/wp-content\/uploads\/2022\/02\/cropped-Serviettes-1.png\" alt=\"\">\n<p  class=\"\">&nbsp;<\/p>\n<h4  class=\"\">Linges de maison<\/h4>\n<p  class=\"\">Le linge de maison est fourni (draps, serviettes et torchons), cela vous \u00e9vitera d\u2019\u00eatre surcharg\u00e9.\n<br ><\/p>\n<\/div>\n<\/div>\n<div  class=\"col-sm-4\">\n<div  class=\"card bordered y-move\" data-type=\"column\"><img  decoding=\"async\" class=\"custom-image\" title=\"cropped-Petanque-2-1.png\" src=\"https:\/\/www.lerelaiscourbis.fr\/wp-content\/uploads\/2022\/02\/cropped-Petanque-2-1.png\" alt=\"\">\n<p  class=\"\">&nbsp;<\/p>\n<h4  class=\"\">P\u00e9tanque<\/h4>\n<p  class=\"\">Amoureux de p\u00e9tanque, vous pourrez profiter d\u2019un terrain ombrag\u00e9.\n<br ><\/p>\n<\/div>\n<\/div>\n<\/div>\n<\/div>\n<\/div><div  data-label=\"Cta\" data-id=\"cta--1\" data-export-id=\"cta-blue-section\" data-category=\"cta\" class=\"cta-blue-section content-section content-section-spacing-medium bg-color1 white-text\" id=\"cta-1\" style=\"background-color: rgb(255, 255, 255); background-image: url(&quot;https:\/\/www.lerelaiscourbis.fr\/wp-content\/uploads\/2022\/03\/IMG_1539-scaled-e1763804991271.jpg&quot;); background-size: cover; background-position: center top;\"><div  class=\"gridContainer\"> <div  class=\"row middle-xs\"><div  class=\"col-sm-8 space-bottom-xs\" data-type=\"column\"> <h2  class=\"\">Contactez-nous si vous souhaitez plus d\u2019informations!<\/h2> <\/div> <div  class=\"col-sm-4 end-sm\" data-type=\"column\"> <a  class=\"button color2\" href=\"mailto:contact@lerelaiscourbis.fr\" target=\"_self\" data-cp-link=\"1\">E-mail<\/a><\/div> <\/div><\/div> <\/div>","protected":false},"excerpt":{"rendered":"<p>A Propos Le relais Courbis est une tr\u00e8s belle maison de village o\u00f9 vous trouverez tout le confort appropri\u00e9 pour un beau s\u00e9jour \u00e0 Saou, petit village de la Dr\u00f4me construit au pied des montagnes et de la Provence. Situ\u00e9 en plein c\u0153ur du village, vous disposerez de tout le confort n\u00e9cessaire pour passer un&hellip; <br \/> <a class=\"read-more\" href=\"https:\/\/www.lerelaiscourbis.fr\/\">Lire la suite<\/a><\/p>\n","protected":false},"author":1,"featured_media":200,"parent":0,"menu_order":0,"comment_status":"closed","ping_status":"closed","template":"page-templates\/homepage.php","meta":{"footnotes":""},"class_list":["post-59","page","type-page","status-publish","has-post-thumbnail","hentry"],"yoast_head":"<!-- This site is optimized with the Yoast SEO plugin v26.9 - https:\/\/yoast.com\/product\/yoast-seo-wordpress\/ -->\n<title>Le Relais Courbis Maison de caract\u00e8re \u00e0 Saou<\/title>\n<meta name=\"description\" content=\"Le relais Courbis tr\u00e8s belle maison de village \u00e0 Saou, Dr\u00f4me, construit au pied des montagnes et de la Provence. S\u00e9jour Vacances G\u00eete\" \/>\n<meta name=\"robots\" content=\"index, follow, max-snippet:-1, max-image-preview:large, max-video-preview:-1\" \/>\n<link rel=\"canonical\" href=\"https:\/\/www.lerelaiscourbis.fr\/\" \/>\n<meta property=\"og:locale\" content=\"fr_FR\" \/>\n<meta property=\"og:type\" content=\"article\" \/>\n<meta property=\"og:title\" content=\"Le Relais Courbis Maison de caract\u00e8re \u00e0 Saou\" \/>\n<meta property=\"og:description\" content=\"Le relais Courbis tr\u00e8s belle maison de village \u00e0 Saou, Dr\u00f4me, construit au pied des montagnes et de la Provence. S\u00e9jour Vacances G\u00eete\" \/>\n<meta property=\"og:url\" content=\"https:\/\/www.lerelaiscourbis.fr\/\" \/>\n<meta property=\"og:site_name\" content=\"Le Relais Courbis\" \/>\n<meta property=\"article:modified_time\" content=\"2026-02-03T21:17:44+00:00\" \/>\n<meta property=\"og:image\" content=\"https:\/\/www.lerelaiscourbis.fr\/wp-content\/uploads\/2022\/02\/cropped-Fichier_009-scaled-1.jpeg\" \/>\n\t<meta property=\"og:image:width\" content=\"2560\" \/>\n\t<meta property=\"og:image:height\" content=\"1920\" \/>\n\t<meta property=\"og:image:type\" content=\"image\/jpeg\" \/>\n<meta name=\"twitter:card\" content=\"summary_large_image\" \/>\n<meta name=\"twitter:label1\" content=\"Dur\u00e9e de lecture estim\u00e9e\" \/>\n\t<meta name=\"twitter:data1\" content=\"3 minutes\" \/>\n<script type=\"application\/ld+json\" class=\"yoast-schema-graph\">{\"@context\":\"https:\/\/schema.org\",\"@graph\":[{\"@type\":\"WebPage\",\"@id\":\"https:\/\/www.lerelaiscourbis.fr\/\",\"url\":\"https:\/\/www.lerelaiscourbis.fr\/\",\"name\":\"Le Relais Courbis Maison de caract\u00e8re \u00e0 Saou\",\"isPartOf\":{\"@id\":\"https:\/\/www.lerelaiscourbis.fr\/#website\"},\"primaryImageOfPage\":{\"@id\":\"https:\/\/www.lerelaiscourbis.fr\/#primaryimage\"},\"image\":{\"@id\":\"https:\/\/www.lerelaiscourbis.fr\/#primaryimage\"},\"thumbnailUrl\":\"https:\/\/www.lerelaiscourbis.fr\/wp-content\/uploads\/2022\/02\/cropped-Fichier_009-scaled-1.jpeg\",\"datePublished\":\"2022-02-14T21:43:38+00:00\",\"dateModified\":\"2026-02-03T21:17:44+00:00\",\"description\":\"Le relais Courbis tr\u00e8s belle maison de village \u00e0 Saou, Dr\u00f4me, construit au pied des montagnes et de la Provence. S\u00e9jour Vacances G\u00eete\",\"breadcrumb\":{\"@id\":\"https:\/\/www.lerelaiscourbis.fr\/#breadcrumb\"},\"inLanguage\":\"fr-FR\",\"potentialAction\":[{\"@type\":\"ReadAction\",\"target\":[\"https:\/\/www.lerelaiscourbis.fr\/\"]}]},{\"@type\":\"ImageObject\",\"inLanguage\":\"fr-FR\",\"@id\":\"https:\/\/www.lerelaiscourbis.fr\/#primaryimage\",\"url\":\"https:\/\/www.lerelaiscourbis.fr\/wp-content\/uploads\/2022\/02\/cropped-Fichier_009-scaled-1.jpeg\",\"contentUrl\":\"https:\/\/www.lerelaiscourbis.fr\/wp-content\/uploads\/2022\/02\/cropped-Fichier_009-scaled-1.jpeg\",\"width\":2560,\"height\":1920},{\"@type\":\"BreadcrumbList\",\"@id\":\"https:\/\/www.lerelaiscourbis.fr\/#breadcrumb\",\"itemListElement\":[{\"@type\":\"ListItem\",\"position\":1,\"name\":\"Accueil\",\"item\":\"https:\/\/www.lerelaiscourbis.fr\/\"},{\"@type\":\"ListItem\",\"position\":2,\"name\":\"Accueil\"}]},{\"@type\":\"WebSite\",\"@id\":\"https:\/\/www.lerelaiscourbis.fr\/#website\",\"url\":\"https:\/\/www.lerelaiscourbis.fr\/\",\"name\":\"Le Relais Courbis\",\"description\":\"- Maison de Caract\u00e8re \u00e0 Saou - \",\"potentialAction\":[{\"@type\":\"SearchAction\",\"target\":{\"@type\":\"EntryPoint\",\"urlTemplate\":\"https:\/\/www.lerelaiscourbis.fr\/?s={search_term_string}\"},\"query-input\":{\"@type\":\"PropertyValueSpecification\",\"valueRequired\":true,\"valueName\":\"search_term_string\"}}],\"inLanguage\":\"fr-FR\"}]}<\/script>\n<!-- \/ Yoast SEO plugin. -->","yoast_head_json":{"title":"Le Relais Courbis Maison de caract\u00e8re \u00e0 Saou","description":"Le relais Courbis tr\u00e8s belle maison de village \u00e0 Saou, Dr\u00f4me, construit au pied des montagnes et de la Provence. S\u00e9jour Vacances G\u00eete","robots":{"index":"index","follow":"follow","max-snippet":"max-snippet:-1","max-image-preview":"max-image-preview:large","max-video-preview":"max-video-preview:-1"},"canonical":"https:\/\/www.lerelaiscourbis.fr\/","og_locale":"fr_FR","og_type":"article","og_title":"Le Relais Courbis Maison de caract\u00e8re \u00e0 Saou","og_description":"Le relais Courbis tr\u00e8s belle maison de village \u00e0 Saou, Dr\u00f4me, construit au pied des montagnes et de la Provence. S\u00e9jour Vacances G\u00eete","og_url":"https:\/\/www.lerelaiscourbis.fr\/","og_site_name":"Le Relais Courbis","article_modified_time":"2026-02-03T21:17:44+00:00","og_image":[{"width":2560,"height":1920,"url":"https:\/\/www.lerelaiscourbis.fr\/wp-content\/uploads\/2022\/02\/cropped-Fichier_009-scaled-1.jpeg","type":"image\/jpeg"}],"twitter_card":"summary_large_image","twitter_misc":{"Dur\u00e9e de lecture estim\u00e9e":"3 minutes"},"schema":{"@context":"https:\/\/schema.org","@graph":[{"@type":"WebPage","@id":"https:\/\/www.lerelaiscourbis.fr\/","url":"https:\/\/www.lerelaiscourbis.fr\/","name":"Le Relais Courbis Maison de caract\u00e8re \u00e0 Saou","isPartOf":{"@id":"https:\/\/www.lerelaiscourbis.fr\/#website"},"primaryImageOfPage":{"@id":"https:\/\/www.lerelaiscourbis.fr\/#primaryimage"},"image":{"@id":"https:\/\/www.lerelaiscourbis.fr\/#primaryimage"},"thumbnailUrl":"https:\/\/www.lerelaiscourbis.fr\/wp-content\/uploads\/2022\/02\/cropped-Fichier_009-scaled-1.jpeg","datePublished":"2022-02-14T21:43:38+00:00","dateModified":"2026-02-03T21:17:44+00:00","description":"Le relais Courbis tr\u00e8s belle maison de village \u00e0 Saou, Dr\u00f4me, construit au pied des montagnes et de la Provence. S\u00e9jour Vacances G\u00eete","breadcrumb":{"@id":"https:\/\/www.lerelaiscourbis.fr\/#breadcrumb"},"inLanguage":"fr-FR","potentialAction":[{"@type":"ReadAction","target":["https:\/\/www.lerelaiscourbis.fr\/"]}]},{"@type":"ImageObject","inLanguage":"fr-FR","@id":"https:\/\/www.lerelaiscourbis.fr\/#primaryimage","url":"https:\/\/www.lerelaiscourbis.fr\/wp-content\/uploads\/2022\/02\/cropped-Fichier_009-scaled-1.jpeg","contentUrl":"https:\/\/www.lerelaiscourbis.fr\/wp-content\/uploads\/2022\/02\/cropped-Fichier_009-scaled-1.jpeg","width":2560,"height":1920},{"@type":"BreadcrumbList","@id":"https:\/\/www.lerelaiscourbis.fr\/#breadcrumb","itemListElement":[{"@type":"ListItem","position":1,"name":"Accueil","item":"https:\/\/www.lerelaiscourbis.fr\/"},{"@type":"ListItem","position":2,"name":"Accueil"}]},{"@type":"WebSite","@id":"https:\/\/www.lerelaiscourbis.fr\/#website","url":"https:\/\/www.lerelaiscourbis.fr\/","name":"Le Relais Courbis","description":"- Maison de Caract\u00e8re \u00e0 Saou - ","potentialAction":[{"@type":"SearchAction","target":{"@type":"EntryPoint","urlTemplate":"https:\/\/www.lerelaiscourbis.fr\/?s={search_term_string}"},"query-input":{"@type":"PropertyValueSpecification","valueRequired":true,"valueName":"search_term_string"}}],"inLanguage":"fr-FR"}]}},"_links":{"self":[{"href":"https:\/\/www.lerelaiscourbis.fr\/index.php?rest_route=\/wp\/v2\/pages\/59","targetHints":{"allow":["GET"]}}],"collection":[{"href":"https:\/\/www.lerelaiscourbis.fr\/index.php?rest_route=\/wp\/v2\/pages"}],"about":[{"href":"https:\/\/www.lerelaiscourbis.fr\/index.php?rest_route=\/wp\/v2\/types\/page"}],"author":[{"embeddable":true,"href":"https:\/\/www.lerelaiscourbis.fr\/index.php?rest_route=\/wp\/v2\/users\/1"}],"replies":[{"embeddable":true,"href":"https:\/\/www.lerelaiscourbis.fr\/index.php?rest_route=%2Fwp%2Fv2%2Fcomments&post=59"}],"version-history":[{"count":47,"href":"https:\/\/www.lerelaiscourbis.fr\/index.php?rest_route=\/wp\/v2\/pages\/59\/revisions"}],"predecessor-version":[{"id":316,"href":"https:\/\/www.lerelaiscourbis.fr\/index.php?rest_route=\/wp\/v2\/pages\/59\/revisions\/316"}],"wp:featuredmedia":[{"embeddable":true,"href":"https:\/\/www.lerelaiscourbis.fr\/index.php?rest_route=\/wp\/v2\/media\/200"}],"wp:attachment":[{"href":"https:\/\/www.lerelaiscourbis.fr\/index.php?rest_route=%2Fwp%2Fv2%2Fmedia&parent=59"}],"curies":[{"name":"wp","href":"https:\/\/api.w.org\/{rel}","templated":true}]}}